{"id":123,"date":"2020-12-21T02:33:24","date_gmt":"2020-12-21T07:33:24","guid":{"rendered":"https:\/\/business.conversionswp.com\/?page_id=123"},"modified":"2023-10-04T19:23:40","modified_gmt":"2023-10-04T19:23:40","slug":"about","status":"publish","type":"page","link":"https:\/\/fixapiterminal.com\/es\/about\/","title":{"rendered":"Acerca de"},"content":{"rendered":"<p>Somos un colectivo de inversores privados que han dise\u00f1ado un terminal de negociaci\u00f3n de vanguardia adaptado al mercado Forex, utilizando el protocolo FIX API. Nuestro compromiso es proporcionar a los operadores un entorno de integridad, garantizando un campo de juego justo y sin interferencias de ning\u00fan br\u00f3ker.<\/p>\n\n\n\n<h3 class=\"wp-block-heading\"><strong>Nuestra misi\u00f3n<\/strong><\/h3>\n\n\n\n<p>En el cambiante panorama del mercado de divisas, la transparencia y la imparcialidad son primordiales. Nuestra misi\u00f3n es capacitar a los operadores proporcion\u00e1ndoles un terminal de negociaci\u00f3n avanzado que garantice condiciones imparciales. Mediante la integraci\u00f3n del protocolo FIX API, pretendemos minimizar las barreras y discrepancias tradicionales que suelen introducir los corredores, permitiendo a los operadores ejecutar sus estrategias con confianza y precisi\u00f3n. \u00danase a nosotros en la defensa de una nueva era de comercio de divisas transparente y equitativo.<\/p>\n\n\n\n<p><\/p>","protected":false},"excerpt":{"rendered":"<p>We are a collective of private investors who have designed a cutting-edge trading terminal tailored for the Forex market, utilizing the FIX API protocol. Our commitment is to provide traders with an environment of integrity, ensuring a fair playing field devoid of any broker interference. Our Mission In the ever-evolving landscape of the Forex market, [&#8230;]<\/p>\n<p><a class=\"btn btn-secondary conversions-read-more-link\" href=\"https:\/\/fixapiterminal.com\/es\/about\/\">Read More&#8230;<\/a><\/p>\n","protected":false},"author":1,"featured_media":8,"parent":0,"menu_order":0,"comment_status":"closed","ping_status":"closed","template":"","meta":{"_acf_changed":false,"footnotes":""},"class_list":["post-123","page","type-page","status-publish","has-post-thumbnail","hentry"],"acf":[],"_links":{"self":[{"href":"https:\/\/fixapiterminal.com\/es\/wp-json\/wp\/v2\/pages\/123","targetHints":{"allow":["GET"]}}],"collection":[{"href":"https:\/\/fixapiterminal.com\/es\/wp-json\/wp\/v2\/pages"}],"about":[{"href":"https:\/\/fixapiterminal.com\/es\/wp-json\/wp\/v2\/types\/page"}],"author":[{"embeddable":true,"href":"https:\/\/fixapiterminal.com\/es\/wp-json\/wp\/v2\/users\/1"}],"replies":[{"embeddable":true,"href":"https:\/\/fixapiterminal.com\/es\/wp-json\/wp\/v2\/comments?post=123"}],"version-history":[{"count":1,"href":"https:\/\/fixapiterminal.com\/es\/wp-json\/wp\/v2\/pages\/123\/revisions"}],"predecessor-version":[{"id":212,"href":"https:\/\/fixapiterminal.com\/es\/wp-json\/wp\/v2\/pages\/123\/revisions\/212"}],"wp:featuredmedia":[{"embeddable":true,"href":"https:\/\/fixapiterminal.com\/es\/wp-json\/wp\/v2\/media\/8"}],"wp:attachment":[{"href":"https:\/\/fixapiterminal.com\/es\/wp-json\/wp\/v2\/media?parent=123"}],"curies":[{"name":"wp","href":"https:\/\/api.w.org\/{rel}","templated":true}]}}