{"id":3,"date":"2022-09-23T11:02:38","date_gmt":"2022-09-23T11:02:38","guid":{"rendered":"http:\/\/fixapiterminal.com\/?page_id=3"},"modified":"2023-10-04T19:49:27","modified_gmt":"2023-10-04T19:49:27","slug":"privacy-policy","status":"publish","type":"page","link":"https:\/\/fixapiterminal.com\/es\/privacy-policy\/","title":{"rendered":"Condiciones de uso y pol\u00edtica de privacidad"},"content":{"rendered":"<p><em>\u00daltima actualizaci\u00f3n: <\/em>01.10.2023<\/p>\n\n\n\n<p><strong>Introducci\u00f3n<\/strong> <\/p>\n\n\n\n<p>Bienvenido a https:\/\/fixapiterminal.com\/ Al acceder y utilizar nuestro sitio web y nuestros servicios, acepta cumplir estas Condiciones de uso. Si no acepta estas condiciones, le rogamos que no utilice nuestros servicios.<\/p>\n\n\n\n<p><strong>Inscripci\u00f3n<\/strong> <\/p>\n\n\n\n<p>Para utilizar determinadas funciones de nuestra plataforma, es posible que tenga que registrarse. Aseg\u00farese de que toda la informaci\u00f3n que facilite durante el registro sea exacta y est\u00e9 actualizada.<\/p>\n\n\n\n<p><strong>Conducta del usuario<\/strong> <\/p>\n\n\n\n<p>Los usuarios se comprometen a no utilizar esta plataforma para fines ilegales o no autorizados. Los usuarios son los \u00fanicos responsables de su propia conducta y de los datos, textos, archivos, informaci\u00f3n, im\u00e1genes, gr\u00e1ficos, fotos, perfiles y enlaces que env\u00eden, publiquen y muestren en la plataforma.<\/p>\n\n\n\n<p><strong>Pol\u00edtica de privacidad<\/strong> <\/p>\n\n\n\n<p>Nuestra Pol\u00edtica de Privacidad, que se incorpora aqu\u00ed por referencia, describe nuestras pr\u00e1cticas relativas a la recogida y uso de datos.<\/p>\n\n\n\n<p><strong>Propiedad intelectual<\/strong> <\/p>\n\n\n\n<p>Todos los contenidos incluidos en el sitio web, como textos, gr\u00e1ficos, logotipos, im\u00e1genes y software, son propiedad de https:\/\/fixapiterminal.com o de sus proveedores de contenidos. La compilaci\u00f3n de todo el contenido de este sitio web es propiedad exclusiva de https:\/\/fixapiterminal.com.<\/p>\n\n\n\n<p><strong>Limitaci\u00f3n de responsabilidad<\/strong><\/p>\n\n\n\n<p> <a href=\"https:\/\/fixapiterminal.com\/es\/\">https:\/\/fixapiterminal.com<\/a> no ser\u00e1 responsable de ning\u00fan da\u00f1o indirecto, incidental, especial, consecuente o punitivo, ni de ninguna p\u00e9rdida de beneficios o ingresos, derivados del uso de nuestro sitio web o de nuestros servicios.<\/p>\n\n\n\n<p><strong>Terminaci\u00f3n<\/strong> <\/p>\n\n\n\n<p>Nos reservamos el derecho a cancelar o restringir su acceso a nuestro servicio, sin previo aviso, por conductas que consideremos que infringen estas Condiciones de uso o que son perjudiciales para otros usuarios de nuestra plataforma, para nosotros o para terceros, o por cualquier otro motivo.<\/p>\n\n\n\n<p><strong>Cambios en las condiciones de uso<\/strong> <\/p>\n\n\n\n<p>Nos reservamos el derecho, a nuestra entera discreci\u00f3n, de cambiar, modificar, a\u00f1adir o eliminar partes de estas Condiciones de uso en cualquier momento. Por favor, revise estos t\u00e9rminos con regularidad para mantenerse informado sobre cualquier cambio.<\/p>\n\n\n\n<p><strong>Derecho aplicable<\/strong> <\/p>\n\n\n\n<p>Estas Condiciones de uso y cualquier disputa o reclamaci\u00f3n que surja de ellas se regir\u00e1n e interpretar\u00e1n de acuerdo con las leyes de los EAU, sin tener en cuenta su conflicto de disposiciones legales.<\/p>\n\n\n\n<p><strong>Informaci\u00f3n de contacto<\/strong> Si tiene alguna pregunta sobre estas Condiciones de uso, p\u00f3ngase en contacto con nosotros en support@fixapiterminal.com.<\/p>\n\n\n\n<p>Al utilizar nuestro sitio web y nuestros servicios, usted acepta las presentes Condiciones de uso.<\/p>","protected":false},"excerpt":{"rendered":"<p>Last Updated: 01.10.2023 Introduction Welcome to https:\/\/fixapiterminal.com\/ By accessing and using our website and services, you agree to abide by these Terms of Use. If you do not agree to these terms, please do not use our services. Registration To use certain features of our platform, you may be required to register. Ensure that all [&#8230;]<\/p>\n<p><a class=\"btn btn-secondary conversions-read-more-link\" href=\"https:\/\/fixapiterminal.com\/es\/privacy-policy\/\">Read More&#8230;<\/a><\/p>\n","protected":false},"author":1,"featured_media":0,"parent":0,"menu_order":0,"comment_status":"closed","ping_status":"open","template":"","meta":{"_acf_changed":false,"footnotes":""},"class_list":["post-3","page","type-page","status-publish","hentry"],"acf":[],"_links":{"self":[{"href":"https:\/\/fixapiterminal.com\/es\/wp-json\/wp\/v2\/pages\/3","targetHints":{"allow":["GET"]}}],"collection":[{"href":"https:\/\/fixapiterminal.com\/es\/wp-json\/wp\/v2\/pages"}],"about":[{"href":"https:\/\/fixapiterminal.com\/es\/wp-json\/wp\/v2\/types\/page"}],"author":[{"embeddable":true,"href":"https:\/\/fixapiterminal.com\/es\/wp-json\/wp\/v2\/users\/1"}],"replies":[{"embeddable":true,"href":"https:\/\/fixapiterminal.com\/es\/wp-json\/wp\/v2\/comments?post=3"}],"version-history":[{"count":1,"href":"https:\/\/fixapiterminal.com\/es\/wp-json\/wp\/v2\/pages\/3\/revisions"}],"predecessor-version":[{"id":219,"href":"https:\/\/fixapiterminal.com\/es\/wp-json\/wp\/v2\/pages\/3\/revisions\/219"}],"wp:attachment":[{"href":"https:\/\/fixapiterminal.com\/es\/wp-json\/wp\/v2\/media?parent=3"}],"curies":[{"name":"wp","href":"https:\/\/api.w.org\/{rel}","templated":true}]}}