{"id":123,"date":"2020-12-21T02:33:24","date_gmt":"2020-12-21T07:33:24","guid":{"rendered":"https:\/\/business.conversionswp.com\/?page_id=123"},"modified":"2023-10-04T19:23:40","modified_gmt":"2023-10-04T19:23:40","slug":"about","status":"publish","type":"page","link":"https:\/\/fixapiterminal.com\/pt\/about\/","title":{"rendered":"Sobre"},"content":{"rendered":"<p>Somos um grupo de investidores privados que projetou um terminal de negocia\u00e7\u00e3o de \u00faltima gera\u00e7\u00e3o adaptado para o mercado Forex, utilizando o protocolo FIX API. Nosso compromisso \u00e9 oferecer aos traders um ambiente de integridade, garantindo um campo de jogo justo, sem qualquer interfer\u00eancia de corretores.<\/p>\n\n\n\n<h3 class=\"wp-block-heading\"><strong>Nossa miss\u00e3o<\/strong><\/h3>\n\n\n\n<p>No cen\u00e1rio em constante evolu\u00e7\u00e3o do mercado Forex, a transpar\u00eancia e a imparcialidade s\u00e3o fundamentais. Nossa miss\u00e3o \u00e9 capacitar os traders, fornecendo-lhes um terminal de negocia\u00e7\u00e3o avan\u00e7ado que garanta condi\u00e7\u00f5es imparciais. Por meio da integra\u00e7\u00e3o do protocolo FIX API, nosso objetivo \u00e9 minimizar as barreiras e discrep\u00e2ncias tradicionais frequentemente introduzidas pelos corretores, permitindo que os traders executem suas estrat\u00e9gias com confian\u00e7a e precis\u00e3o. Junte-se a n\u00f3s na defesa de uma nova era de negocia\u00e7\u00f5es Forex transparentes e equitativas.<\/p>\n\n\n\n<p><\/p>","protected":false},"excerpt":{"rendered":"<p>We are a collective of private investors who have designed a cutting-edge trading terminal tailored for the Forex market, utilizing the FIX API protocol. Our commitment is to provide traders with an environment of integrity, ensuring a fair playing field devoid of any broker interference. Our Mission In the ever-evolving landscape of the Forex market, [&#8230;]<\/p>\n<p><a class=\"btn btn-secondary conversions-read-more-link\" href=\"https:\/\/fixapiterminal.com\/pt\/about\/\">Read More&#8230;<\/a><\/p>\n","protected":false},"author":1,"featured_media":8,"parent":0,"menu_order":0,"comment_status":"closed","ping_status":"closed","template":"","meta":{"_acf_changed":false,"footnotes":""},"class_list":["post-123","page","type-page","status-publish","has-post-thumbnail","hentry"],"acf":[],"_links":{"self":[{"href":"https:\/\/fixapiterminal.com\/pt\/wp-json\/wp\/v2\/pages\/123","targetHints":{"allow":["GET"]}}],"collection":[{"href":"https:\/\/fixapiterminal.com\/pt\/wp-json\/wp\/v2\/pages"}],"about":[{"href":"https:\/\/fixapiterminal.com\/pt\/wp-json\/wp\/v2\/types\/page"}],"author":[{"embeddable":true,"href":"https:\/\/fixapiterminal.com\/pt\/wp-json\/wp\/v2\/users\/1"}],"replies":[{"embeddable":true,"href":"https:\/\/fixapiterminal.com\/pt\/wp-json\/wp\/v2\/comments?post=123"}],"version-history":[{"count":1,"href":"https:\/\/fixapiterminal.com\/pt\/wp-json\/wp\/v2\/pages\/123\/revisions"}],"predecessor-version":[{"id":212,"href":"https:\/\/fixapiterminal.com\/pt\/wp-json\/wp\/v2\/pages\/123\/revisions\/212"}],"wp:featuredmedia":[{"embeddable":true,"href":"https:\/\/fixapiterminal.com\/pt\/wp-json\/wp\/v2\/media\/8"}],"wp:attachment":[{"href":"https:\/\/fixapiterminal.com\/pt\/wp-json\/wp\/v2\/media?parent=123"}],"curies":[{"name":"wp","href":"https:\/\/api.w.org\/{rel}","templated":true}]}}