{"id":3,"date":"2022-09-23T11:02:38","date_gmt":"2022-09-23T11:02:38","guid":{"rendered":"http:\/\/fixapiterminal.com\/?page_id=3"},"modified":"2023-10-04T19:49:27","modified_gmt":"2023-10-04T19:49:27","slug":"privacy-policy","status":"publish","type":"page","link":"https:\/\/fixapiterminal.com\/pt\/privacy-policy\/","title":{"rendered":"Termos de uso e pol\u00edtica de privacidade"},"content":{"rendered":"<p><em>\u00daltima atualiza\u00e7\u00e3o: <\/em>01.10.2023<\/p>\n\n\n\n<p><strong>Introdu\u00e7\u00e3o<\/strong> <\/p>\n\n\n\n<p>Bem-vindo ao https:\/\/fixapiterminal.com\/ Ao acessar e usar nosso site e servi\u00e7os, voc\u00ea concorda em cumprir estes Termos de Uso. Se n\u00e3o concordar com estes termos, n\u00e3o use nossos servi\u00e7os.<\/p>\n\n\n\n<p><strong>Registro<\/strong> <\/p>\n\n\n\n<p>Para usar determinados recursos de nossa plataforma, pode ser necess\u00e1rio registrar-se. Certifique-se de que todas as informa\u00e7\u00f5es fornecidas durante o registro sejam precisas e atualizadas.<\/p>\n\n\n\n<p><strong>Conduta do usu\u00e1rio<\/strong> <\/p>\n\n\n\n<p>Os usu\u00e1rios concordam em n\u00e3o utilizar esta plataforma para qualquer finalidade ilegal ou n\u00e3o autorizada. Os usu\u00e1rios s\u00e3o os \u00fanicos respons\u00e1veis por sua pr\u00f3pria conduta e por quaisquer dados, textos, arquivos, informa\u00e7\u00f5es, imagens, gr\u00e1ficos, fotos, perfis e links que enviarem, publicarem e exibirem na plataforma.<\/p>\n\n\n\n<p><strong>Pol\u00edtica de privacidade<\/strong> <\/p>\n\n\n\n<p>Nossa Pol\u00edtica de Privacidade, que \u00e9 incorporada aqui por refer\u00eancia, descreve nossas pr\u00e1ticas relativas \u00e0 coleta e ao uso de dados.<\/p>\n\n\n\n<p><strong>Propriedade intelectual<\/strong> <\/p>\n\n\n\n<p>Todo o conte\u00fado inclu\u00eddo no site, como texto, gr\u00e1ficos, logotipos, imagens e software, \u00e9 de propriedade do https:\/\/fixapiterminal.com ou de seus fornecedores de conte\u00fado. A compila\u00e7\u00e3o de todo o conte\u00fado deste site \u00e9 de propriedade exclusiva do https:\/\/fixapiterminal.com.<\/p>\n\n\n\n<p><strong>Limita\u00e7\u00e3o de responsabilidade<\/strong><\/p>\n\n\n\n<p> <a href=\"https:\/\/fixapiterminal.com\/pt\/\">https:\/\/fixapiterminal.com<\/a> n\u00e3o ser\u00e1 respons\u00e1vel por quaisquer danos indiretos, incidentais, especiais, consequenciais ou punitivos, ou qualquer perda de lucros ou receitas, decorrentes do uso de nosso site ou servi\u00e7os.<\/p>\n\n\n\n<p><strong>Rescis\u00e3o<\/strong> <\/p>\n\n\n\n<p>Reservamo-nos o direito de encerrar ou restringir seu acesso ao nosso servi\u00e7o, sem aviso pr\u00e9vio, por conduta que acreditamos violar estes Termos de Uso ou ser prejudicial a outros usu\u00e1rios de nossa plataforma, a n\u00f3s ou a terceiros, ou por qualquer outro motivo.<\/p>\n\n\n\n<p><strong>Altera\u00e7\u00f5es nos Termos de Uso<\/strong> <\/p>\n\n\n\n<p>Reservamo-nos o direito, a nosso crit\u00e9rio exclusivo, de alterar, modificar, adicionar ou remover partes destes Termos de Uso a qualquer momento. Consulte estes termos regularmente para se manter informado sobre quaisquer altera\u00e7\u00f5es.<\/p>\n\n\n\n<p><strong>Legisla\u00e7\u00e3o aplic\u00e1vel<\/strong> <\/p>\n\n\n\n<p>Estes Termos de Uso e qualquer disputa ou reivindica\u00e7\u00e3o decorrente deles ser\u00e3o regidos e interpretados de acordo com as leis dos Emirados \u00c1rabes Unidos, sem levar em conta suas disposi\u00e7\u00f5es sobre conflito de leis.<\/p>\n\n\n\n<p><strong>Informa\u00e7\u00f5es de contato<\/strong> Em caso de d\u00favidas sobre estes Termos de Uso, entre em contato conosco pelo e-mail support@fixapiterminal.com.<\/p>\n\n\n\n<p>Ao usar nosso site e nossos servi\u00e7os, voc\u00ea indica sua aceita\u00e7\u00e3o destes Termos de Uso.<\/p>","protected":false},"excerpt":{"rendered":"<p>Last Updated: 01.10.2023 Introduction Welcome to https:\/\/fixapiterminal.com\/ By accessing and using our website and services, you agree to abide by these Terms of Use. If you do not agree to these terms, please do not use our services. Registration To use certain features of our platform, you may be required to register. Ensure that all [&#8230;]<\/p>\n<p><a class=\"btn btn-secondary conversions-read-more-link\" href=\"https:\/\/fixapiterminal.com\/pt\/privacy-policy\/\">Read More&#8230;<\/a><\/p>\n","protected":false},"author":1,"featured_media":0,"parent":0,"menu_order":0,"comment_status":"closed","ping_status":"open","template":"","meta":{"_acf_changed":false,"footnotes":""},"class_list":["post-3","page","type-page","status-publish","hentry"],"acf":[],"_links":{"self":[{"href":"https:\/\/fixapiterminal.com\/pt\/wp-json\/wp\/v2\/pages\/3","targetHints":{"allow":["GET"]}}],"collection":[{"href":"https:\/\/fixapiterminal.com\/pt\/wp-json\/wp\/v2\/pages"}],"about":[{"href":"https:\/\/fixapiterminal.com\/pt\/wp-json\/wp\/v2\/types\/page"}],"author":[{"embeddable":true,"href":"https:\/\/fixapiterminal.com\/pt\/wp-json\/wp\/v2\/users\/1"}],"replies":[{"embeddable":true,"href":"https:\/\/fixapiterminal.com\/pt\/wp-json\/wp\/v2\/comments?post=3"}],"version-history":[{"count":1,"href":"https:\/\/fixapiterminal.com\/pt\/wp-json\/wp\/v2\/pages\/3\/revisions"}],"predecessor-version":[{"id":219,"href":"https:\/\/fixapiterminal.com\/pt\/wp-json\/wp\/v2\/pages\/3\/revisions\/219"}],"wp:attachment":[{"href":"https:\/\/fixapiterminal.com\/pt\/wp-json\/wp\/v2\/media?parent=3"}],"curies":[{"name":"wp","href":"https:\/\/api.w.org\/{rel}","templated":true}]}}